{"id":2,"date":"2015-04-04T12:48:21","date_gmt":"2015-04-04T12:48:21","guid":{"rendered":"http:\/\/terojokinen.modernilapiomies.com\/?page_id=2"},"modified":"2025-08-13T11:14:42","modified_gmt":"2025-08-13T11:14:42","slug":"sample-page","status":"publish","type":"page","link":"https:\/\/www.terojokinen.fi\/","title":{"rendered":"Sample Page"},"content":{"rendered":"<p>&nbsp;<\/p>\n<div id=\"attachment_54\" style=\"width: 229px\" class=\"wp-caption alignright\"><a href=\"https:\/\/www.terojokinen.fi\/wp-content\/uploads\/2015\/04\/T.jpg\"><img loading=\"lazy\" decoding=\"async\" aria-describedby=\"caption-attachment-54\" class=\"wp-image-54\" src=\"https:\/\/www.terojokinen.fi\/wp-content\/uploads\/2015\/04\/T.jpg\" alt=\"\" width=\"219\" height=\"200\" \/><\/a><p id=\"caption-attachment-54\" class=\"wp-caption-text\">Tero Jokinen: Raunintie 7, 20300 Turku. Email: terojokinen@outlook.com\u00a0\u00a0 Puh. 050 5414710<\/p><\/div>\n<p><span style=\"font-family: Arial, Helvetica, sans-serif; font-size: medium;\">Olen ammatiltani Valviran (ent. Terveydenhuollon Oikeusturvakeskus) ja Kelan hyv\u00e4ksym\u00e4 yksil\u00f6psykoterapeutti. Ty\u00f6skentelyn psykiatrian parissa olen aloittanut mielenterveyshoitajana vuonna 1991. Psykoterapeutin ammattinimikkeen olen saanut vuonna 2002 ja sit\u00e4 seuraavana vuonna aloittanut yksityisvastaanoton. Vuonna 2025 valmistuin psykoanalyytikoksi (IFPS) ja kouluttajapsykoterapeutiksi.\u00a0<\/span><\/p>\n<p><span style=\"font-family: Arial, Helvetica, sans-serif; font-size: medium;\">Sivulta &#8221;<a title=\"Psykodynaaminen psykoterapia\" href=\"https:\/\/www.terojokinen.fi\/?page_id=15\">psykodynaaminen psykoterapia<\/a>&#8221; l\u00f6ytyy kirjoittamani artikkeli, jossa olen pyrkinyt tiivistetysti vastaamaan joihinkin tavallisimpiin kysymyksiin, joita psykoterapiaan ja sen aloittamiseen liittyy.<\/span><\/p>\n<p><span style=\"font-family: Arial, Helvetica, sans-serif; font-size: medium;\">Parhaiten minut tavoittaa ilta-aikaan puhelimitse tai s\u00e4hk\u00f6postilla. Mik\u00e4li en vastaa puheluun, voit j\u00e4tt\u00e4\u00e4 vastaajaan soittopyynn\u00f6n ja soitan takaisin vapauduttuani.<\/span><\/p>\n","protected":false},"excerpt":{"rendered":"<p>&nbsp; Olen ammatiltani Valviran (ent. Terveydenhuollon Oikeusturvakeskus) ja Kelan hyv\u00e4ksym\u00e4 yksil\u00f6psykoterapeutti. Ty\u00f6skentelyn psykiatrian parissa olen aloittanut mielenterveyshoitajana vuonna 1991. Psykoterapeutin ammattinimikkeen olen saanut vuonna 2002 ja sit\u00e4 seuraavana vuonna aloittanut yksityisvastaanoton. Vuonna 2025 valmistuin psykoanalyytikoksi (IFPS) ja kouluttajapsykoterapeutiksi.\u00a0 Sivulta &#8221;psykodynaaminen psykoterapia&#8221; l\u00f6ytyy kirjoittamani artikkeli, jossa olen pyrkinyt tiivistetysti vastaamaan joihinkin tavallisimpiin kysymyksiin, joita psykoterapiaan ja [&hellip;]<\/p>\n","protected":false},"author":1,"featured_media":0,"parent":0,"menu_order":0,"comment_status":"open","ping_status":"open","template":"","meta":{"footnotes":""},"class_list":["post-2","page","type-page","status-publish","hentry"],"_links":{"self":[{"href":"https:\/\/www.terojokinen.fi\/index.php?rest_route=\/wp\/v2\/pages\/2","targetHints":{"allow":["GET"]}}],"collection":[{"href":"https:\/\/www.terojokinen.fi\/index.php?rest_route=\/wp\/v2\/pages"}],"about":[{"href":"https:\/\/www.terojokinen.fi\/index.php?rest_route=\/wp\/v2\/types\/page"}],"author":[{"embeddable":true,"href":"https:\/\/www.terojokinen.fi\/index.php?rest_route=\/wp\/v2\/users\/1"}],"replies":[{"embeddable":true,"href":"https:\/\/www.terojokinen.fi\/index.php?rest_route=%2Fwp%2Fv2%2Fcomments&post=2"}],"version-history":[{"count":12,"href":"https:\/\/www.terojokinen.fi\/index.php?rest_route=\/wp\/v2\/pages\/2\/revisions"}],"predecessor-version":[{"id":86,"href":"https:\/\/www.terojokinen.fi\/index.php?rest_route=\/wp\/v2\/pages\/2\/revisions\/86"}],"wp:attachment":[{"href":"https:\/\/www.terojokinen.fi\/index.php?rest_route=%2Fwp%2Fv2%2Fmedia&parent=2"}],"curies":[{"name":"wp","href":"https:\/\/api.w.org\/{rel}","templated":true}]}}